{"id":37,"date":"2014-12-28T17:26:41","date_gmt":"2014-12-28T16:26:41","guid":{"rendered":"http:\/\/agriturismooliveto.local\/?page_id=37"},"modified":"2025-10-28T15:12:44","modified_gmt":"2025-10-28T14:12:44","slug":"appartamento-geranio-2","status":"publish","type":"page","link":"http:\/\/www.agriturismooliveto.com\/de\/appartamenti\/appartamento-geranio-2\/","title":{"rendered":"Wohnung Geranio"},"content":{"rendered":"\t\t<div data-elementor-type=\"wp-page\" data-elementor-id=\"37\" class=\"elementor elementor-37\">\n\t\t\t\t\t\t<section class=\"elementor-section elementor-top-section elementor-element elementor-element-5dabd27f elementor-section-boxed elementor-section-height-default elementor-section-height-default\" data-id=\"5dabd27f\" data-element_type=\"section\">\n\t\t\t\t\t\t<div class=\"elementor-container elementor-column-gap-default\">\n\t\t\t\t\t<div class=\"elementor-column elementor-col-100 elementor-top-column elementor-element elementor-element-29e4aed5\" data-id=\"29e4aed5\" data-element_type=\"column\">\n\t\t\t<div class=\"elementor-widget-wrap elementor-element-populated\">\n\t\t\t\t\t\t<div class=\"elementor-element elementor-element-6deeb370 elementor-widget elementor-widget-text-editor\" data-id=\"6deeb370\" data-element_type=\"widget\" data-widget_type=\"text-editor.default\">\n\t\t\t\t<div class=\"elementor-widget-container\">\n\t\t\t\t\t\t\t\t\t(Italiano) <p><\/p><p style=\"text-align: justify;\">Die Wohnung <strong>Geranio<\/strong>\u00a0(60 Quadratmeter) besteht aus zwei Schlafzimmer mit einem Ehebett (in einem Schlafzimmer gibt es auch ein Etagenbett), zwei Badzimmer, einer bewohnbaren K\u00fcche. In der K\u00fcche gibt es der Gasherd, der Elektrobackofen, die Kaffeemaschine, das Kuchengeschirr, die Topfen, die Pf\u00e4nner, die Teller und die Gl\u00e4ser.<br \/>Wir versorgen Sie die Bettw\u00e4sche f\u00fcr Bett und Bad.<br \/>Es gibt die HK-Heizungsanlage aber nicht die Klimaanlage. Es gibt die HK-Heizungsanlage aber nicht die Klimaanlage. Die Struktur und die Lage des Geb\u00e4udes garantieren dennoch eine behagliche Raumtemperatur auch im Sommer.<br \/>Die Wohnung ist auch mit SAT-TV und Internet LAN-Verbindung ausger\u00fcstet.<br \/>Auf dem Rasen vor der Wohnung, mit einem wunderbaren Seeblick, gibt es einen privaten Tisch mit sechs St\u00fchlen und eine private Schaukelstuhl.<br \/>Die Aufnahmef\u00e4higkeit ist sechs Personen.<\/p><hr \/><p><div id=\"metaslider-id-3462\" style=\"max-width: 900px; margin: 0 auto;\" class=\"ml-slider-3-106-0 metaslider metaslider-responsive metaslider-3462 ml-slider ms-theme-default\" role=\"region\" aria-label=\"Geranio - new\" data-height=\"600\" data-width=\"900\">\n    <div id=\"metaslider_container_3462\">\n        <ul id='metaslider_3462' class='rslides'>\n            <li aria-roledescription='slide' aria-labelledby='slide-0'><img fetchpriority=\"high\" decoding=\"async\" src=\"http:\/\/www.agriturismooliveto.com\/wp-content\/uploads\/2023\/12\/Nuove-Foto\/Geranio\/Blubenaco-128-900x600.jpg\" height=\"600\" width=\"900\" alt=\"(Italiano) Geranio\" class=\"slider-3462 slide-3496 msDefaultImage\" title=\"Blubenaco-128\" \/><div class=\"caption-wrap\"><div class=\"caption\">Geranio &#8211; Cucina abitabile<\/div><\/div><\/li>\n            <li style='display: none;' aria-roledescription='slide' aria-labelledby='slide-1'><img decoding=\"async\" src=\"http:\/\/www.agriturismooliveto.com\/wp-content\/uploads\/2023\/12\/Nuove-Foto\/Geranio\/Blubenaco-113-851x567.jpg\" height=\"600\" width=\"900\" alt=\"(Italiano) Geranio\" class=\"slider-3462 slide-3497 msDefaultImage\" title=\"Blubenaco-113\" \/><div class=\"caption-wrap\"><div class=\"caption\">Geranio &#8211; Cucina abitabile<\/div><\/div><\/li>\n            <li style='display: none;' aria-roledescription='slide' aria-labelledby='slide-2'><img decoding=\"async\" src=\"http:\/\/www.agriturismooliveto.com\/wp-content\/uploads\/2023\/12\/Nuove-Foto\/Geranio\/Blubenaco-115-900x600.jpg\" height=\"600\" width=\"900\" alt=\"(Italiano) Geranio\" class=\"slider-3462 slide-3498 msDefaultImage\" title=\"Blubenaco-115\" \/><div class=\"caption-wrap\"><div class=\"caption\">Geranio &#8211; Cucina abitabile<\/div><\/div><\/li>\n            <li style='display: none;' aria-roledescription='slide' aria-labelledby='slide-3'><img loading=\"lazy\" decoding=\"async\" src=\"http:\/\/www.agriturismooliveto.com\/wp-content\/uploads\/2023\/12\/Nuove-Foto\/Geranio\/Blubenaco-116-900x600.jpg\" height=\"600\" width=\"900\" alt=\"(Italiano) Geranio\" class=\"slider-3462 slide-3499 msDefaultImage\" title=\"Blubenaco-116\" \/><div class=\"caption-wrap\"><div class=\"caption\">Geranio &#8211; Cucina abitabile<\/div><\/div><\/li>\n            <li style='display: none;' aria-roledescription='slide' aria-labelledby='slide-4'><img loading=\"lazy\" decoding=\"async\" src=\"http:\/\/www.agriturismooliveto.com\/wp-content\/uploads\/2023\/12\/Nuove-Foto\/Geranio\/Blubenaco-114-900x600.jpg\" height=\"600\" width=\"900\" alt=\"(Italiano) Geranio\" class=\"slider-3462 slide-3500 msDefaultImage\" title=\"Blubenaco-114\" \/><div class=\"caption-wrap\"><div class=\"caption\">Geranio &#8211; Cucina abitabile<\/div><\/div><\/li>\n            <li style='display: none;' aria-roledescription='slide' aria-labelledby='slide-5'><img loading=\"lazy\" decoding=\"async\" src=\"http:\/\/www.agriturismooliveto.com\/wp-content\/uploads\/2023\/12\/Nuove-Foto\/Geranio\/Blubenaco-121-900x600.jpg\" height=\"600\" width=\"900\" alt=\"(Italiano) Geranio\" class=\"slider-3462 slide-3501 msDefaultImage\" title=\"Blubenaco-121\" \/><div class=\"caption-wrap\"><div class=\"caption\">Geranio &#8211; Camera e bagno<\/div><\/div><\/li>\n            <li style='display: none;' aria-roledescription='slide' aria-labelledby='slide-6'><img loading=\"lazy\" decoding=\"async\" src=\"http:\/\/www.agriturismooliveto.com\/wp-content\/uploads\/2023\/12\/Nuove-Foto\/Geranio\/Blubenaco-122-900x600.jpg\" height=\"600\" width=\"900\" alt=\"(Italiano) Geranio\" class=\"slider-3462 slide-3502 msDefaultImage\" title=\"Blubenaco-122\" \/><div class=\"caption-wrap\"><div class=\"caption\">Geranio &#8211; Camera<\/div><\/div><\/li>\n            <li style='display: none;' aria-roledescription='slide' aria-labelledby='slide-7'><img loading=\"lazy\" decoding=\"async\" src=\"http:\/\/www.agriturismooliveto.com\/wp-content\/uploads\/2023\/12\/Nuove-Foto\/Geranio\/Blubenaco-124-900x600.jpg\" height=\"600\" width=\"900\" alt=\"(Italiano) Geranio\" class=\"slider-3462 slide-3503 msDefaultImage\" title=\"Blubenaco-124\" \/><div class=\"caption-wrap\"><div class=\"caption\">Geranio &#8211; Camera<\/div><\/div><\/li>\n            <li style='display: none;' aria-roledescription='slide' aria-labelledby='slide-8'><img loading=\"lazy\" decoding=\"async\" src=\"http:\/\/www.agriturismooliveto.com\/wp-content\/uploads\/2023\/12\/Nuove-Foto\/Geranio\/Blubenaco-125-852x568.jpg\" height=\"600\" width=\"900\" alt=\"(Italiano) Geranio\" class=\"slider-3462 slide-3504 msDefaultImage\" title=\"Blubenaco-125\" \/><div class=\"caption-wrap\"><div class=\"caption\">Geranio &#8211; Bagno<\/div><\/div><\/li>\n            <li style='display: none;' aria-roledescription='slide' aria-labelledby='slide-9'><img loading=\"lazy\" decoding=\"async\" src=\"http:\/\/www.agriturismooliveto.com\/wp-content\/uploads\/2023\/12\/Nuove-Foto\/Geranio\/Blubenaco-120-851x567.jpg\" height=\"600\" width=\"900\" alt=\"(Italiano) Geranio\" class=\"slider-3462 slide-3505 msDefaultImage\" title=\"Blubenaco-120\" \/><div class=\"caption-wrap\"><div class=\"caption\">Geranio &#8211; Bagno<\/div><\/div><\/li>\n            <li style='display: none;' aria-roledescription='slide' aria-labelledby='slide-10'><img loading=\"lazy\" decoding=\"async\" src=\"http:\/\/www.agriturismooliveto.com\/wp-content\/uploads\/2023\/12\/Nuove-Foto\/Geranio\/Blubenaco-117-900x600.jpg\" height=\"600\" width=\"900\" alt=\"(Italiano) Geranio\" class=\"slider-3462 slide-3506 msDefaultImage\" title=\"Blubenaco-117\" \/><div class=\"caption-wrap\"><div class=\"caption\">Geranio &#8211; Camera<\/div><\/div><\/li>\n            <li style='display: none;' aria-roledescription='slide' aria-labelledby='slide-11'><img loading=\"lazy\" decoding=\"async\" src=\"http:\/\/www.agriturismooliveto.com\/wp-content\/uploads\/2023\/12\/Nuove-Foto\/Geranio\/Blubenaco-118-900x600.jpg\" height=\"600\" width=\"900\" alt=\"(Italiano) Geranio\" class=\"slider-3462 slide-3507 msDefaultImage\" title=\"Blubenaco-118\" \/><div class=\"caption-wrap\"><div class=\"caption\">Geranio &#8211; Camera<\/div><\/div><\/li>\n        <\/ul>\n        \n    <\/div>\n<\/div><\/p><p style=\"text-align: center;\"><strong>Preise 2025<\/strong><\/p><table style=\"border-collapse: collapse; width: 93.8061%; height: 185px;\" border=\"1\" align=\"center\"><tbody><tr style=\"height: 23px;\"><td style=\"width: 39.8882%; text-align: center; color: white; height: 23px;\" bgcolor=\"#888888\"><em><strong>Zeitraum<\/strong><\/em><\/td><td style=\"width: 30.6874%; text-align: center; color: white; height: 23px;\" bgcolor=\"#888888\"><em><strong>Preis pro Woche<\/strong><\/em><\/td><td style=\"width: 27.1817%; text-align: center; color: white; height: 23px;\" bgcolor=\"#888888\"><em><strong>Preis pro Nacht<\/strong><\/em><\/td><\/tr><tr style=\"height: 108px;\"><td style=\"width: 39.8882%; text-align: left; height: 71px;\">Oktober, November, Dezember, M\u00e4rz, April, Mai<\/td><td style=\"width: 30.6874%; height: 71px; text-align: center;\"><b>845 <\/b>(4 Personen)<br \/><b>950 <\/b>(6 Personen)<\/td><td style=\"width: 27.1817%; height: 71px; text-align: center;\"><strong>125 <\/strong>(4 Personen)<br \/><b>140 <\/b>(6 Personen)<\/td><\/tr><tr style=\"height: 108px;\"><td style=\"width: 39.8882%; text-align: left; height: 81px;\">Juni, September<\/td><td style=\"width: 30.6874%; height: 81px; text-align: center;\"><strong>900\u00a0\u00a0<\/strong>(4 Personen)<br \/><strong>990 <\/strong>(6 Personen)<\/td><td style=\"width: 27.1817%; height: 81px; text-align: center;\"><strong>135\u00a0<\/strong>(4 Personen)<br \/><strong>150\u00a0<\/strong>(6 Personen)<\/td><\/tr><tr style=\"height: 108px;\"><td style=\"width: 39.8882%; text-align: left; height: 10px;\">Juli, August, Weihnachten, Ostern<\/td><td style=\"width: 30.6874%; height: 10px; text-align: center;\"><p><strong>960 <\/strong>(4 Personen)<\/p><p><strong>1090 <\/strong>(6 Personen)<\/p><\/td><td style=\"width: 27.1817%; height: 10px; text-align: center;\"><p><strong>145\u00a0\u00a0<\/strong>(4 Personen)<\/p><p><strong>165\u00a0<\/strong>(6 Personen)<\/p><\/td><\/tr><\/tbody><\/table><p style=\"text-align: center;\"><strong>\u00a0<\/strong><\/p><p style=\"text-align: center;\"><span style=\"font-weight: 600;\">Enthaltene Leistungen<\/span><br \/>Strom, Wasser, Erdgas, Bett- und Badleinen, Benutzung von Kinderbetten und Hochst\u00fchlen, Internetverbindung.<\/p><p style=\"text-align: center;\"><strong>NICHT\u00a0<\/strong><span style=\"font-weight: 600;\">Enthaltene Leistungen<\/span><br \/>Feuerholz zum Grillen und alles, was nicht unter der \u00dcberschrift \u201eEinschlie\u00dfende Leistungen\u201c angezeigt ist.<br \/>Wechsel der Bettw\u00e4sche und Handt\u00fccher: 10 \u20ac.<\/p><p style=\"text-align: center;\"><strong>Andere Leistungen und Kosten<\/strong><br \/>Endreinigung: 50 \u20ac\u00a0<br \/>Half board: 35 \u20ac pro Tag und pro Person.<br \/>Nur Fr\u00fchst\u00fcck: 12 \u20ac pro Tag und pro Person.<br \/>Heating: 10 \u20ac pro Tag.<br \/>Kurtaxe: 1.5 \u20ac pro Tag und pro Person (ausgenommen unter 14 Jahre alt).<br \/>Nur kleine Hunde: \u20ac 5,00 pro Tag.<\/p><p style=\"text-align: center;\"><strong>Weitere Informationen<\/strong><br \/>Weihnachten: 20\/12\/2025 \u2013 31\/01\/2025<br \/>Ostern: 28\/03\/2026 \u2013 12\/04\/2026<br \/>Anreisezeit: nach 15.00.<br \/>Abreisezeit: von 7.30 bis 10.00.<\/p><p style=\"text-align: center;\"><strong>Zahlungen<\/strong><br \/>Bargeld, Bank\u00fcberweisung, Kreditkarte.<\/p><p style=\"text-align: center;\"><strong>Stornierungsbedingungen<\/strong><br \/>Reservierungen, die mindestens <strong>zwei Monate<\/strong> vor dem geplanten Ankunftstermin storniert werden, beinhalten die R\u00fcckerstattung der Anzahlung.<br \/>Nach Ablauf dieser Frist wird eine Strafe in H\u00f6he des Gesamtbetrags des gezahlten Vorschusses verh\u00e4ngt.<br \/>Entscheidet sich der Kunde f\u00fcr eine vorzeitige Abreise, so ist der gesamte vereinbarte Betrag zu zahlen.<br \/>Bei der Ankunft ist eine Anzahlung von 100 \u20ac erforderlich, die bei der Abreise zur\u00fcckerstattet wird.<\/p><hr \/><p><\/p>\t\t\t\t\t\t\t\t<\/div>\n\t\t\t\t<\/div>\n\t\t\t\t\t<\/div>\n\t\t<\/div>\n\t\t\t\t\t<\/div>\n\t\t<\/section>\n\t\t\t\t<\/div>\n\t\t","protected":false},"excerpt":{"rendered":"<p>Die Wohnung Geranio\u00a0(60 Quadratmeter) besteht aus zwei Schlafzimmer mit einem Ehebett (in einem Schlafzimmer gibt es auch ein Etagenbett), zwei Badzimmer, einer [&hellip;]<\/p>\n","protected":false},"author":1,"featured_media":0,"parent":32,"menu_order":0,"comment_status":"closed","ping_status":"open","template":"","meta":{"ngg_post_thumbnail":0,"footnotes":""},"class_list":["post-37","page","type-page","status-publish","hentry"],"yoast_head":"<!-- This site is optimized with the Yoast SEO plugin v27.2 - https:\/\/yoast.com\/product\/yoast-seo-wordpress\/ -->\n<title>Wohnung Geranio - Agriturismo l&#039;Uliveto<\/title>\n<meta name=\"description\" content=\"Appartamento Geranio ha due camere da letto matrimoniali, due bagni, una cucina abitabile completamente attrezzata.\" \/>\n<meta name=\"robots\" content=\"index, follow, max-snippet:-1, max-image-preview:large, max-video-preview:-1\" \/>\n<link rel=\"canonical\" href=\"http:\/\/www.agriturismooliveto.com\/it\/appartamenti\/appartamento-geranio-2\/\" \/>\n<meta property=\"og:locale\" content=\"de_DE\" \/>\n<meta property=\"og:type\" content=\"article\" \/>\n<meta property=\"og:title\" content=\"[:de]Wohnung Geranio[:en]Apartment Geranio[:it]Appartamento Geranio[:] - Agriturismo l&#039;Uliveto\" \/>\n<meta property=\"og:description\" content=\"Appartamento Geranio ha due camere da letto matrimoniali, due bagni, una cucina abitabile completamente attrezzata.\" \/>\n<meta property=\"og:url\" content=\"http:\/\/www.agriturismooliveto.com\/it\/appartamenti\/appartamento-geranio-2\/\" \/>\n<meta property=\"og:site_name\" content=\"Agriturismo l&#039;Uliveto\" \/>\n<meta property=\"article:publisher\" content=\"https:\/\/www.facebook.com\/agriturismooliveto\" \/>\n<meta property=\"article:modified_time\" content=\"2025-10-28T14:12:44+00:00\" \/>\n<meta name=\"twitter:label1\" content=\"Gesch\u00e4tzte Lesezeit\" \/>\n\t<meta name=\"twitter:data1\" content=\"6\u00a0Minuten\" \/>\n<script type=\"application\/ld+json\" class=\"yoast-schema-graph\">{\"@context\":\"https:\/\/schema.org\",\"@graph\":[{\"@type\":\"WebPage\",\"@id\":\"http:\/\/www.agriturismooliveto.com\/it\/appartamenti\/appartamento-geranio-2\/\",\"url\":\"http:\/\/www.agriturismooliveto.com\/it\/appartamenti\/appartamento-geranio-2\/\",\"name\":\"[:de]Wohnung Geranio[:en]Apartment Geranio[:it]Appartamento Geranio[:] - Agriturismo l&#039;Uliveto\",\"isPartOf\":{\"@id\":\"http:\/\/www.agriturismooliveto.com\/it\/#website\"},\"datePublished\":\"2014-12-28T16:26:41+00:00\",\"dateModified\":\"2025-10-28T14:12:44+00:00\",\"description\":\"Appartamento Geranio ha due camere da letto matrimoniali, due bagni, una cucina abitabile completamente attrezzata.\",\"breadcrumb\":{\"@id\":\"http:\/\/www.agriturismooliveto.com\/it\/appartamenti\/appartamento-geranio-2\/#breadcrumb\"},\"inLanguage\":\"de\",\"potentialAction\":[{\"@type\":\"ReadAction\",\"target\":[\"http:\/\/www.agriturismooliveto.com\/it\/appartamenti\/appartamento-geranio-2\/\"]}]},{\"@type\":\"BreadcrumbList\",\"@id\":\"http:\/\/www.agriturismooliveto.com\/it\/appartamenti\/appartamento-geranio-2\/#breadcrumb\",\"itemListElement\":[{\"@type\":\"ListItem\",\"position\":1,\"name\":\"Home\",\"item\":\"http:\/\/www.agriturismooliveto.com\/it\/\"},{\"@type\":\"ListItem\",\"position\":2,\"name\":\"Appartamenti\",\"item\":\"http:\/\/www.agriturismooliveto.com\/it\/appartamenti\/\"},{\"@type\":\"ListItem\",\"position\":3,\"name\":\"Appartamento Geranio\"}]},{\"@type\":\"WebSite\",\"@id\":\"http:\/\/www.agriturismooliveto.com\/it\/#website\",\"url\":\"http:\/\/www.agriturismooliveto.com\/it\/\",\"name\":\"Agriturismo l&#039;Uliveto\",\"description\":\"\",\"publisher\":{\"@id\":\"http:\/\/www.agriturismooliveto.com\/it\/#organization\"},\"potentialAction\":[{\"@type\":\"SearchAction\",\"target\":{\"@type\":\"EntryPoint\",\"urlTemplate\":\"http:\/\/www.agriturismooliveto.com\/it\/?s={search_term_string}\"},\"query-input\":{\"@type\":\"PropertyValueSpecification\",\"valueRequired\":true,\"valueName\":\"search_term_string\"}}],\"inLanguage\":\"de\"},{\"@type\":\"Organization\",\"@id\":\"http:\/\/www.agriturismooliveto.com\/it\/#organization\",\"name\":\"Agriturismo l'Uliveto\",\"url\":\"http:\/\/www.agriturismooliveto.com\/it\/\",\"logo\":{\"@type\":\"ImageObject\",\"inLanguage\":\"de\",\"@id\":\"http:\/\/www.agriturismooliveto.com\/it\/#\/schema\/logo\/image\/\",\"url\":\"http:\/\/www.agriturismooliveto.com\/wp-content\/uploads\/2016\/10\/Targa.jpg\",\"contentUrl\":\"http:\/\/www.agriturismooliveto.com\/wp-content\/uploads\/2016\/10\/Targa.jpg\",\"width\":3055,\"height\":4657,\"caption\":\"Agriturismo l'Uliveto\"},\"image\":{\"@id\":\"http:\/\/www.agriturismooliveto.com\/it\/#\/schema\/logo\/image\/\"},\"sameAs\":[\"https:\/\/www.facebook.com\/agriturismooliveto\"]}]}<\/script>\n<!-- \/ Yoast SEO plugin. -->","yoast_head_json":{"title":"[:de]Wohnung Geranio[:en]Apartment Geranio[:it]Appartamento Geranio[:] - Agriturismo l&#039;Uliveto","description":"Appartamento Geranio ha due camere da letto matrimoniali, due bagni, una cucina abitabile completamente attrezzata.","robots":{"index":"index","follow":"follow","max-snippet":"max-snippet:-1","max-image-preview":"max-image-preview:large","max-video-preview":"max-video-preview:-1"},"canonical":"http:\/\/www.agriturismooliveto.com\/it\/appartamenti\/appartamento-geranio-2\/","og_locale":"de_DE","og_type":"article","og_title":"[:de]Wohnung Geranio[:en]Apartment Geranio[:it]Appartamento Geranio[:] - Agriturismo l&#039;Uliveto","og_description":"Appartamento Geranio ha due camere da letto matrimoniali, due bagni, una cucina abitabile completamente attrezzata.","og_url":"http:\/\/www.agriturismooliveto.com\/it\/appartamenti\/appartamento-geranio-2\/","og_site_name":"Agriturismo l&#039;Uliveto","article_publisher":"https:\/\/www.facebook.com\/agriturismooliveto","article_modified_time":"2025-10-28T14:12:44+00:00","twitter_misc":{"Gesch\u00e4tzte Lesezeit":"6\u00a0Minuten"},"schema":{"@context":"https:\/\/schema.org","@graph":[{"@type":"WebPage","@id":"http:\/\/www.agriturismooliveto.com\/it\/appartamenti\/appartamento-geranio-2\/","url":"http:\/\/www.agriturismooliveto.com\/it\/appartamenti\/appartamento-geranio-2\/","name":"[:de]Wohnung Geranio[:en]Apartment Geranio[:it]Appartamento Geranio[:] - Agriturismo l&#039;Uliveto","isPartOf":{"@id":"http:\/\/www.agriturismooliveto.com\/it\/#website"},"datePublished":"2014-12-28T16:26:41+00:00","dateModified":"2025-10-28T14:12:44+00:00","description":"Appartamento Geranio ha due camere da letto matrimoniali, due bagni, una cucina abitabile completamente attrezzata.","breadcrumb":{"@id":"http:\/\/www.agriturismooliveto.com\/it\/appartamenti\/appartamento-geranio-2\/#breadcrumb"},"inLanguage":"de","potentialAction":[{"@type":"ReadAction","target":["http:\/\/www.agriturismooliveto.com\/it\/appartamenti\/appartamento-geranio-2\/"]}]},{"@type":"BreadcrumbList","@id":"http:\/\/www.agriturismooliveto.com\/it\/appartamenti\/appartamento-geranio-2\/#breadcrumb","itemListElement":[{"@type":"ListItem","position":1,"name":"Home","item":"http:\/\/www.agriturismooliveto.com\/it\/"},{"@type":"ListItem","position":2,"name":"Appartamenti","item":"http:\/\/www.agriturismooliveto.com\/it\/appartamenti\/"},{"@type":"ListItem","position":3,"name":"Appartamento Geranio"}]},{"@type":"WebSite","@id":"http:\/\/www.agriturismooliveto.com\/it\/#website","url":"http:\/\/www.agriturismooliveto.com\/it\/","name":"Agriturismo l&#039;Uliveto","description":"","publisher":{"@id":"http:\/\/www.agriturismooliveto.com\/it\/#organization"},"potentialAction":[{"@type":"SearchAction","target":{"@type":"EntryPoint","urlTemplate":"http:\/\/www.agriturismooliveto.com\/it\/?s={search_term_string}"},"query-input":{"@type":"PropertyValueSpecification","valueRequired":true,"valueName":"search_term_string"}}],"inLanguage":"de"},{"@type":"Organization","@id":"http:\/\/www.agriturismooliveto.com\/it\/#organization","name":"Agriturismo l'Uliveto","url":"http:\/\/www.agriturismooliveto.com\/it\/","logo":{"@type":"ImageObject","inLanguage":"de","@id":"http:\/\/www.agriturismooliveto.com\/it\/#\/schema\/logo\/image\/","url":"http:\/\/www.agriturismooliveto.com\/wp-content\/uploads\/2016\/10\/Targa.jpg","contentUrl":"http:\/\/www.agriturismooliveto.com\/wp-content\/uploads\/2016\/10\/Targa.jpg","width":3055,"height":4657,"caption":"Agriturismo l'Uliveto"},"image":{"@id":"http:\/\/www.agriturismooliveto.com\/it\/#\/schema\/logo\/image\/"},"sameAs":["https:\/\/www.facebook.com\/agriturismooliveto"]}]}},"_links":{"self":[{"href":"http:\/\/www.agriturismooliveto.com\/de\/wp-json\/wp\/v2\/pages\/37","targetHints":{"allow":["GET"]}}],"collection":[{"href":"http:\/\/www.agriturismooliveto.com\/de\/wp-json\/wp\/v2\/pages"}],"about":[{"href":"http:\/\/www.agriturismooliveto.com\/de\/wp-json\/wp\/v2\/types\/page"}],"author":[{"embeddable":true,"href":"http:\/\/www.agriturismooliveto.com\/de\/wp-json\/wp\/v2\/users\/1"}],"replies":[{"embeddable":true,"href":"http:\/\/www.agriturismooliveto.com\/de\/wp-json\/wp\/v2\/comments?post=37"}],"version-history":[{"count":0,"href":"http:\/\/www.agriturismooliveto.com\/de\/wp-json\/wp\/v2\/pages\/37\/revisions"}],"up":[{"embeddable":true,"href":"http:\/\/www.agriturismooliveto.com\/de\/wp-json\/wp\/v2\/pages\/32"}],"wp:attachment":[{"href":"http:\/\/www.agriturismooliveto.com\/de\/wp-json\/wp\/v2\/media?parent=37"}],"curies":[{"name":"wp","href":"https:\/\/api.w.org\/{rel}","templated":true}]}}