{"id":25,"date":"2014-12-28T16:26:27","date_gmt":"2014-12-28T15:26:27","guid":{"rendered":"http:\/\/agriturismooliveto.local\/?page_id=25"},"modified":"2023-12-06T09:27:40","modified_gmt":"2023-12-06T08:27:40","slug":"home","status":"publish","type":"page","link":"http:\/\/www.agriturismooliveto.com\/it\/","title":{"rendered":"Agriturismo l&#8217;Uliveto &#8211; Gargnano (BS)"},"content":{"rendered":"\t\t<div data-elementor-type=\"wp-page\" data-elementor-id=\"25\" class=\"elementor elementor-25\">\n\t\t\t\t\t\t<section class=\"elementor-section elementor-top-section elementor-element elementor-element-249ea3ed elementor-section-boxed elementor-section-height-default elementor-section-height-default\" data-id=\"249ea3ed\" data-element_type=\"section\">\n\t\t\t\t\t\t<div class=\"elementor-container elementor-column-gap-default\">\n\t\t\t\t\t<div class=\"elementor-column elementor-col-100 elementor-top-column elementor-element elementor-element-321953d2\" data-id=\"321953d2\" data-element_type=\"column\">\n\t\t\t<div class=\"elementor-widget-wrap elementor-element-populated\">\n\t\t\t\t\t\t<div class=\"elementor-element elementor-element-6344b7c7 elementor-widget elementor-widget-text-editor\" data-id=\"6344b7c7\" data-element_type=\"widget\" data-widget_type=\"text-editor.default\">\n\t\t\t\t<div class=\"elementor-widget-container\">\n\t\t\t\t\t\t\t\t\t<p><img fetchpriority=\"high\" decoding=\"async\" class=\"size-medium wp-image-2167 alignleft\" src=\"http:\/\/www.agriturismooliveto.com\/wp-content\/uploads\/2018\/02\/Oliveto-Girasoli-1-300x200.jpg\" alt=\"\" width=\"300\" height=\"200\" srcset=\"http:\/\/www.agriturismooliveto.com\/wp-content\/uploads\/2018\/02\/Oliveto-Girasoli-1.jpg 300w, http:\/\/www.agriturismooliveto.com\/wp-content\/uploads\/2018\/02\/Oliveto-Girasoli-1-230x153.jpg 230w\" sizes=\"(max-width: 300px) 100vw, 300px\" \/><\/p><p>Willkommen im Agriturismo l\u2018Uliveto!<\/p><p>Lieber Gast,<\/p><p>die Wahl von Agriturismo l\u2018Uliveto f\u00fcr Ihren Urlaub bietet Ihnen einen erholsamen Aufenthalt in Kontakt mit der Natur, den Tiere und dem Gr\u00fcn der Olivenb\u00e4ume mit einem tollen Blick auf den See, ca. 1 km weit.<\/p><p>Das ganze Gebiet befindet sich innerhalb des \u201cParco Alto Garda Bresciano\u201d und bietet nicht nur unz\u00e4hlige Wandern-M\u00f6glichkeiten, sondern auch die M\u00f6glichkeit den Sportler und den Sportlerinnen Trekking und Wasser-Sport auszu\u00fcben, Rad fahren und reiten. Der \u00e4lteste Golf-Platz in Italien (Golf Bogliaco) ist ca. 700 m entfernt.<\/p><p>Unser Haus liegt im kleinen Weiler Fornico, auf den H\u00fcgeln \u00fcber dem Gardasee (180 m s.l.m.) gelegen.<br \/>In unserem Geb\u00e4ude, das in einem ruhigen Olivenhain am Rande des kleinen Weilers liegt, haben wir drei Wohnungen und einen Gasthof.<\/p><p>Au\u00dferhalb ist ein gro\u00dfer Garten mit Terrasse, Grillplatz und Tischen.<\/p><p>Der Agriturismo l\u2018Uliveto bietet jeden Morgen frisches Brot an seine Kunden, auf Wunsch auch Fr\u00fchst\u00fcck, serviert im Speisesaal.<\/p><p>Mit freundlichen Gruessen<br \/><em><strong>Mark und Sara<\/strong><\/em><\/p><p>\u00a0<\/p><p><div id=\"metaslider-id-3372\" style=\"max-width: 900px; margin: 0 auto;\" class=\"ml-slider-3-106-0 metaslider metaslider-responsive metaslider-3372 ml-slider ms-theme-default\" role=\"region\" aria-label=\"Home - new\" data-height=\"600\" data-width=\"900\">\n    <div id=\"metaslider_container_3372\">\n        <ul id='metaslider_3372' class='rslides'>\n            <li aria-roledescription='slide' aria-labelledby='slide-0'><img decoding=\"async\" src=\"http:\/\/www.agriturismooliveto.com\/wp-content\/uploads\/2018\/12\/IMG_0081-799x533.jpg\" height=\"600\" width=\"900\" alt=\"Agriturismo l&#039;Uliveto - Gargnano (BS)\" class=\"slider-3372 slide-3374 msDefaultImage\" title=\"IMG_0081\" \/><div class=\"caption-wrap\"><div class=\"caption\">Relax sul dondolo<\/div><\/div><\/li>\n            <li style='display: none;' aria-roledescription='slide' aria-labelledby='slide-1'><img decoding=\"async\" src=\"http:\/\/www.agriturismooliveto.com\/wp-content\/uploads\/2018\/12\/IMG_0091-799x533.jpg\" height=\"600\" width=\"900\" alt=\"Agriturismo l&#039;Uliveto - Gargnano (BS)\" class=\"slider-3372 slide-3378 msDefaultImage\" title=\"Accesso dal parcheggio agli appartamenti\" \/><div class=\"caption-wrap\"><div class=\"caption\">Accesso dal parcheggio agli appartamenti <\/div><\/div><\/li>\n            <li style='display: none;' aria-roledescription='slide' aria-labelledby='slide-2'><img loading=\"lazy\" decoding=\"async\" src=\"http:\/\/www.agriturismooliveto.com\/wp-content\/uploads\/2021\/07\/MG_4349-600x400.jpg\" height=\"600\" width=\"900\" alt=\"Agriturismo l&#039;Uliveto - Gargnano (BS)\" class=\"slider-3372 slide-3384 msDefaultImage\" title=\"Quiete dopo la tempesta\" \/><div class=\"caption-wrap\"><div class=\"caption\">Quiete dopo la tempesta<\/div><\/div><\/li>\n            <li style='display: none;' aria-roledescription='slide' aria-labelledby='slide-3'><img loading=\"lazy\" decoding=\"async\" src=\"http:\/\/www.agriturismooliveto.com\/wp-content\/uploads\/2023\/12\/Nuove-Foto\/Esterni-con-Drone\/Blubenaco-10-900x600.jpg\" height=\"600\" width=\"900\" alt=\"Esterno con drone\" class=\"slider-3372 slide-3388 msDefaultImage\" title=\"Agriturismo l&#039;Uliveto - Gargnano (BS)\" \/><div class=\"caption-wrap\"><div class=\"caption\">Esterno con drone con il lago sullo sfondo<\/div><\/div><\/li>\n            <li style='display: none;' aria-roledescription='slide' aria-labelledby='slide-4'><img loading=\"lazy\" decoding=\"async\" src=\"http:\/\/www.agriturismooliveto.com\/wp-content\/uploads\/2023\/12\/Nuove-Foto\/Esterni-con-Drone\/Blubenaco-8-900x600.jpg\" height=\"600\" width=\"900\" alt=\"Esterno con drone\" class=\"slider-3372 slide-3389 msDefaultImage\" title=\"Blubenaco-8\" \/><div class=\"caption-wrap\"><div class=\"caption\">Edificio con ristorante<\/div><\/div><\/li>\n            <li style='display: none;' aria-roledescription='slide' aria-labelledby='slide-5'><img loading=\"lazy\" decoding=\"async\" src=\"http:\/\/www.agriturismooliveto.com\/wp-content\/uploads\/2023\/12\/Nuove-Foto\/Esterni-con-Drone\/Blubenaco-18-900x600.jpg\" height=\"600\" width=\"900\" alt=\"Esterno con drone\" class=\"slider-3372 slide-3390 msDefaultImage\" title=\"Blubenaco-18\" \/><div class=\"caption-wrap\"><div class=\"caption\">Esterno con drone con il lago sullo sfondo<\/div><\/div><\/li>\n            <li style='display: none;' aria-roledescription='slide' aria-labelledby='slide-6'><img loading=\"lazy\" decoding=\"async\" src=\"http:\/\/www.agriturismooliveto.com\/wp-content\/uploads\/2023\/12\/Nuove-Foto\/Esterni\/Blubenaco-101-900x600.jpg\" height=\"600\" width=\"900\" alt=\"Esterno con drone\" class=\"slider-3372 slide-3391 msDefaultImage\" title=\"Blubenaco-101\" \/><div class=\"caption-wrap\"><div class=\"caption\">Zona con tavoli con vista lago<\/div><\/div><\/li>\n            <li style='display: none;' aria-roledescription='slide' aria-labelledby='slide-7'><img loading=\"lazy\" decoding=\"async\" src=\"http:\/\/www.agriturismooliveto.com\/wp-content\/uploads\/2023\/12\/Nuove-Foto\/Esterni\/Blubenaco-95-900x600.jpg\" height=\"600\" width=\"900\" alt=\"Esterno\" class=\"slider-3372 slide-3392 msDefaultImage\" title=\"Blubenaco-95\" \/><div class=\"caption-wrap\"><div class=\"caption\">Zona barbeque<\/div><\/div><\/li>\n            <li style='display: none;' aria-roledescription='slide' aria-labelledby='slide-8'><img loading=\"lazy\" decoding=\"async\" src=\"http:\/\/www.agriturismooliveto.com\/wp-content\/uploads\/2023\/12\/Nuove-Foto\/Esterni\/Blubenaco-99-900x600.jpg\" height=\"600\" width=\"900\" alt=\"Esterno\" class=\"slider-3372 slide-3393 msDefaultImage\" title=\"Blubenaco-99\" \/><div class=\"caption-wrap\"><div class=\"caption\">Edificio con gli appartamenti Nipitella e Geranio<\/div><\/div><\/li>\n        <\/ul>\n        \n    <\/div>\n<\/div><\/p><p><\/p>\t\t\t\t\t\t\t\t<\/div>\n\t\t\t\t<\/div>\n\t\t\t\t\t<\/div>\n\t\t<\/div>\n\t\t\t\t\t<\/div>\n\t\t<\/section>\n\t\t\t\t<\/div>\n\t\t","protected":false},"excerpt":{"rendered":"<p>Benvenuti all&#8217;Agriturismo l&#8217;Uliveto! Caro ospite, scegliendo per le Vostre vacanze l\u2019Agriturismo l&#8217;Uliveto troverete un soggiorno rilassante, a contatto con la natura, gli [&hellip;]<\/p>\n","protected":false},"author":1,"featured_media":0,"parent":0,"menu_order":0,"comment_status":"closed","ping_status":"open","template":"","meta":{"ngg_post_thumbnail":0,"footnotes":""},"class_list":["post-25","page","type-page","status-publish","hentry"],"yoast_head":"<!-- This site is optimized with the Yoast SEO plugin v27.2 - https:\/\/yoast.com\/product\/yoast-seo-wordpress\/ -->\n<title>Agriturismo l&#039;Uliveto - Gargnano (BS) - Italy<\/title>\n<meta name=\"description\" content=\"Agriturismo l&#039;Uliveto con appartamenti e ristoro a Gargnano, immerso in un uliveto di 17000 mq, con una sublime vista sul lago di Garda.\" \/>\n<meta name=\"robots\" content=\"index, follow, max-snippet:-1, max-image-preview:large, max-video-preview:-1\" \/>\n<link rel=\"canonical\" href=\"http:\/\/www.agriturismooliveto.com\/it\/\" \/>\n<meta property=\"og:locale\" content=\"it_IT\" \/>\n<meta property=\"og:type\" content=\"article\" \/>\n<meta property=\"og:title\" content=\"Agriturismo l&#039;Uliveto - Gargnano (BS) - Italy\" \/>\n<meta property=\"og:description\" content=\"Agriturismo l&#039;Uliveto con appartamenti e ristoro a Gargnano, immerso in un uliveto di 17000 mq, con una sublime vista sul lago di Garda.\" \/>\n<meta property=\"og:url\" content=\"http:\/\/www.agriturismooliveto.com\/it\/\" \/>\n<meta property=\"og:site_name\" content=\"Agriturismo l&#039;Uliveto\" \/>\n<meta property=\"article:publisher\" content=\"https:\/\/www.facebook.com\/agriturismooliveto\" \/>\n<meta property=\"article:modified_time\" content=\"2023-12-06T08:27:40+00:00\" \/>\n<meta property=\"og:image\" content=\"http:\/\/www.agriturismooliveto.com\/wp-content\/uploads\/2018\/02\/Oliveto-Girasoli-1-300x200.jpg\" \/>\n<meta name=\"twitter:label1\" content=\"Tempo di lettura stimato\" \/>\n\t<meta name=\"twitter:data1\" content=\"4 minuti\" \/>\n<script type=\"application\/ld+json\" class=\"yoast-schema-graph\">{\"@context\":\"https:\/\/schema.org\",\"@graph\":[{\"@type\":\"WebPage\",\"@id\":\"http:\/\/www.agriturismooliveto.com\/it\/\",\"url\":\"http:\/\/www.agriturismooliveto.com\/it\/\",\"name\":\"Agriturismo l'Uliveto - Gargnano (BS) - Italy\",\"isPartOf\":{\"@id\":\"http:\/\/www.agriturismooliveto.com\/it\/#website\"},\"primaryImageOfPage\":{\"@id\":\"http:\/\/www.agriturismooliveto.com\/it\/#primaryimage\"},\"image\":{\"@id\":\"http:\/\/www.agriturismooliveto.com\/it\/#primaryimage\"},\"thumbnailUrl\":\"http:\/\/www.agriturismooliveto.com\/wp-content\/uploads\/2018\/02\/Oliveto-Girasoli-1-300x200.jpg\",\"datePublished\":\"2014-12-28T15:26:27+00:00\",\"dateModified\":\"2023-12-06T08:27:40+00:00\",\"description\":\"Agriturismo l'Uliveto con appartamenti e ristoro a Gargnano, immerso in un uliveto di 17000 mq, con una sublime vista sul lago di Garda.\",\"breadcrumb\":{\"@id\":\"http:\/\/www.agriturismooliveto.com\/it\/#breadcrumb\"},\"inLanguage\":\"it-IT\",\"potentialAction\":[{\"@type\":\"ReadAction\",\"target\":[\"http:\/\/www.agriturismooliveto.com\/it\/\"]}]},{\"@type\":\"ImageObject\",\"inLanguage\":\"it-IT\",\"@id\":\"http:\/\/www.agriturismooliveto.com\/it\/#primaryimage\",\"url\":\"http:\/\/www.agriturismooliveto.com\/wp-content\/uploads\/2018\/02\/Oliveto-Girasoli-1-300x200.jpg\",\"contentUrl\":\"http:\/\/www.agriturismooliveto.com\/wp-content\/uploads\/2018\/02\/Oliveto-Girasoli-1-300x200.jpg\"},{\"@type\":\"BreadcrumbList\",\"@id\":\"http:\/\/www.agriturismooliveto.com\/it\/#breadcrumb\",\"itemListElement\":[{\"@type\":\"ListItem\",\"position\":1,\"name\":\"Home\",\"item\":\"http:\/\/www.agriturismooliveto.com\/it\/\"},{\"@type\":\"ListItem\",\"position\":2,\"name\":\"Agriturismo l&#8217;Uliveto &#8211; Gargnano (BS)\"}]},{\"@type\":\"WebSite\",\"@id\":\"http:\/\/www.agriturismooliveto.com\/it\/#website\",\"url\":\"http:\/\/www.agriturismooliveto.com\/it\/\",\"name\":\"Agriturismo l&#039;Uliveto\",\"description\":\"\",\"publisher\":{\"@id\":\"http:\/\/www.agriturismooliveto.com\/it\/#organization\"},\"potentialAction\":[{\"@type\":\"SearchAction\",\"target\":{\"@type\":\"EntryPoint\",\"urlTemplate\":\"http:\/\/www.agriturismooliveto.com\/it\/?s={search_term_string}\"},\"query-input\":{\"@type\":\"PropertyValueSpecification\",\"valueRequired\":true,\"valueName\":\"search_term_string\"}}],\"inLanguage\":\"it-IT\"},{\"@type\":\"Organization\",\"@id\":\"http:\/\/www.agriturismooliveto.com\/it\/#organization\",\"name\":\"Agriturismo l'Uliveto\",\"url\":\"http:\/\/www.agriturismooliveto.com\/it\/\",\"logo\":{\"@type\":\"ImageObject\",\"inLanguage\":\"it-IT\",\"@id\":\"http:\/\/www.agriturismooliveto.com\/it\/#\/schema\/logo\/image\/\",\"url\":\"http:\/\/www.agriturismooliveto.com\/wp-content\/uploads\/2016\/10\/Targa.jpg\",\"contentUrl\":\"http:\/\/www.agriturismooliveto.com\/wp-content\/uploads\/2016\/10\/Targa.jpg\",\"width\":3055,\"height\":4657,\"caption\":\"Agriturismo l'Uliveto\"},\"image\":{\"@id\":\"http:\/\/www.agriturismooliveto.com\/it\/#\/schema\/logo\/image\/\"},\"sameAs\":[\"https:\/\/www.facebook.com\/agriturismooliveto\"]}]}<\/script>\n<!-- \/ Yoast SEO plugin. -->","yoast_head_json":{"title":"Agriturismo l'Uliveto - Gargnano (BS) - Italy","description":"Agriturismo l'Uliveto con appartamenti e ristoro a Gargnano, immerso in un uliveto di 17000 mq, con una sublime vista sul lago di Garda.","robots":{"index":"index","follow":"follow","max-snippet":"max-snippet:-1","max-image-preview":"max-image-preview:large","max-video-preview":"max-video-preview:-1"},"canonical":"http:\/\/www.agriturismooliveto.com\/it\/","og_locale":"it_IT","og_type":"article","og_title":"Agriturismo l'Uliveto - Gargnano (BS) - Italy","og_description":"Agriturismo l'Uliveto con appartamenti e ristoro a Gargnano, immerso in un uliveto di 17000 mq, con una sublime vista sul lago di Garda.","og_url":"http:\/\/www.agriturismooliveto.com\/it\/","og_site_name":"Agriturismo l&#039;Uliveto","article_publisher":"https:\/\/www.facebook.com\/agriturismooliveto","article_modified_time":"2023-12-06T08:27:40+00:00","og_image":[{"url":"http:\/\/www.agriturismooliveto.com\/wp-content\/uploads\/2018\/02\/Oliveto-Girasoli-1-300x200.jpg","type":"","width":"","height":""}],"twitter_misc":{"Tempo di lettura stimato":"4 minuti"},"schema":{"@context":"https:\/\/schema.org","@graph":[{"@type":"WebPage","@id":"http:\/\/www.agriturismooliveto.com\/it\/","url":"http:\/\/www.agriturismooliveto.com\/it\/","name":"Agriturismo l'Uliveto - Gargnano (BS) - Italy","isPartOf":{"@id":"http:\/\/www.agriturismooliveto.com\/it\/#website"},"primaryImageOfPage":{"@id":"http:\/\/www.agriturismooliveto.com\/it\/#primaryimage"},"image":{"@id":"http:\/\/www.agriturismooliveto.com\/it\/#primaryimage"},"thumbnailUrl":"http:\/\/www.agriturismooliveto.com\/wp-content\/uploads\/2018\/02\/Oliveto-Girasoli-1-300x200.jpg","datePublished":"2014-12-28T15:26:27+00:00","dateModified":"2023-12-06T08:27:40+00:00","description":"Agriturismo l'Uliveto con appartamenti e ristoro a Gargnano, immerso in un uliveto di 17000 mq, con una sublime vista sul lago di Garda.","breadcrumb":{"@id":"http:\/\/www.agriturismooliveto.com\/it\/#breadcrumb"},"inLanguage":"it-IT","potentialAction":[{"@type":"ReadAction","target":["http:\/\/www.agriturismooliveto.com\/it\/"]}]},{"@type":"ImageObject","inLanguage":"it-IT","@id":"http:\/\/www.agriturismooliveto.com\/it\/#primaryimage","url":"http:\/\/www.agriturismooliveto.com\/wp-content\/uploads\/2018\/02\/Oliveto-Girasoli-1-300x200.jpg","contentUrl":"http:\/\/www.agriturismooliveto.com\/wp-content\/uploads\/2018\/02\/Oliveto-Girasoli-1-300x200.jpg"},{"@type":"BreadcrumbList","@id":"http:\/\/www.agriturismooliveto.com\/it\/#breadcrumb","itemListElement":[{"@type":"ListItem","position":1,"name":"Home","item":"http:\/\/www.agriturismooliveto.com\/it\/"},{"@type":"ListItem","position":2,"name":"Agriturismo l&#8217;Uliveto &#8211; Gargnano (BS)"}]},{"@type":"WebSite","@id":"http:\/\/www.agriturismooliveto.com\/it\/#website","url":"http:\/\/www.agriturismooliveto.com\/it\/","name":"Agriturismo l&#039;Uliveto","description":"","publisher":{"@id":"http:\/\/www.agriturismooliveto.com\/it\/#organization"},"potentialAction":[{"@type":"SearchAction","target":{"@type":"EntryPoint","urlTemplate":"http:\/\/www.agriturismooliveto.com\/it\/?s={search_term_string}"},"query-input":{"@type":"PropertyValueSpecification","valueRequired":true,"valueName":"search_term_string"}}],"inLanguage":"it-IT"},{"@type":"Organization","@id":"http:\/\/www.agriturismooliveto.com\/it\/#organization","name":"Agriturismo l'Uliveto","url":"http:\/\/www.agriturismooliveto.com\/it\/","logo":{"@type":"ImageObject","inLanguage":"it-IT","@id":"http:\/\/www.agriturismooliveto.com\/it\/#\/schema\/logo\/image\/","url":"http:\/\/www.agriturismooliveto.com\/wp-content\/uploads\/2016\/10\/Targa.jpg","contentUrl":"http:\/\/www.agriturismooliveto.com\/wp-content\/uploads\/2016\/10\/Targa.jpg","width":3055,"height":4657,"caption":"Agriturismo l'Uliveto"},"image":{"@id":"http:\/\/www.agriturismooliveto.com\/it\/#\/schema\/logo\/image\/"},"sameAs":["https:\/\/www.facebook.com\/agriturismooliveto"]}]}},"_links":{"self":[{"href":"http:\/\/www.agriturismooliveto.com\/it\/wp-json\/wp\/v2\/pages\/25","targetHints":{"allow":["GET"]}}],"collection":[{"href":"http:\/\/www.agriturismooliveto.com\/it\/wp-json\/wp\/v2\/pages"}],"about":[{"href":"http:\/\/www.agriturismooliveto.com\/it\/wp-json\/wp\/v2\/types\/page"}],"author":[{"embeddable":true,"href":"http:\/\/www.agriturismooliveto.com\/it\/wp-json\/wp\/v2\/users\/1"}],"replies":[{"embeddable":true,"href":"http:\/\/www.agriturismooliveto.com\/it\/wp-json\/wp\/v2\/comments?post=25"}],"version-history":[{"count":0,"href":"http:\/\/www.agriturismooliveto.com\/it\/wp-json\/wp\/v2\/pages\/25\/revisions"}],"wp:attachment":[{"href":"http:\/\/www.agriturismooliveto.com\/it\/wp-json\/wp\/v2\/media?parent=25"}],"curies":[{"name":"wp","href":"https:\/\/api.w.org\/{rel}","templated":true}]}}