{"id":35,"date":"2014-12-28T19:28:27","date_gmt":"2014-12-28T18:28:27","guid":{"rendered":"http:\/\/agriturismooliveto.local\/?page_id=35"},"modified":"2026-03-20T17:40:37","modified_gmt":"2026-03-20T16:40:37","slug":"appartamento-nipitella","status":"publish","type":"page","link":"http:\/\/www.agriturismooliveto.com\/it\/appartamenti\/appartamento-nipitella\/","title":{"rendered":"Appartamento Nipitella"},"content":{"rendered":"\t\t<div data-elementor-type=\"wp-page\" data-elementor-id=\"35\" class=\"elementor elementor-35\">\n\t\t\t\t\t\t<section class=\"elementor-section elementor-top-section elementor-element elementor-element-1a649212 elementor-section-boxed elementor-section-height-default elementor-section-height-default\" data-id=\"1a649212\" data-element_type=\"section\">\n\t\t\t\t\t\t<div class=\"elementor-container elementor-column-gap-default\">\n\t\t\t\t\t<div class=\"elementor-column elementor-col-100 elementor-top-column elementor-element elementor-element-755a0db6\" data-id=\"755a0db6\" data-element_type=\"column\">\n\t\t\t<div class=\"elementor-widget-wrap elementor-element-populated\">\n\t\t\t\t\t\t<div class=\"elementor-element elementor-element-131d1d72 elementor-widget elementor-widget-text-editor\" data-id=\"131d1d72\" data-element_type=\"widget\" data-widget_type=\"text-editor.default\">\n\t\t\t\t<div class=\"elementor-widget-container\">\n\t\t\t\t\t\t\t\t\t<p><\/p>\n<p style=\"text-align: justify;\">Die Wohnung <strong>Nipitella<\/strong>&nbsp;(60 Quadratmeter)&nbsp;besteht aus einem Schlafzimmer mit einem Ehebett, einem Badzimmer, einer bewohnbaren K\u00fcche. In der K\u00fcche gibt es der Gasherd, die Kaffeemaschine, das Kuchengeschirr, die Topfen, die Pf\u00e4nner, die Teller und die Gl\u00e4ser.<br \/>Wir versorgen Sie die Bettw\u00e4sche f\u00fcr Bett und Bad.<\/p>\n<p>Es gibt die HK-Heizungsanlage aber nicht die Klimaanlage. Die Struktur und die Lage des Geb\u00e4udes garantieren dennoch eine behagliche Raumtemperatur auch im Sommer.<br \/>Die Wohnung ist auch mit SAT-LCD-TV und Internet WLAN-Verbindung ausger\u00fcstet.<br \/>Auf dem Rasen vor der Wohnung, mit einem wunderbaren Seeblick, gibt es einen privaten Tisch mit sechs St\u00fchlen und eine private Schaukelstuhl.<\/p>\n<p>Die Aufnahmef\u00e4higkeit ist zwei Personen.<\/p>\n<hr \/>\n<p><div id=\"metaslider-id-3447\" style=\"max-width: 900px; margin: 0 auto;\" class=\"ml-slider-3-106-0 metaslider metaslider-responsive metaslider-3447 ml-slider ms-theme-default\" role=\"region\" aria-label=\"Nipitella - new\" data-height=\"600\" data-width=\"900\">\n    <div id=\"metaslider_container_3447\">\n        <ul id='metaslider_3447' class='rslides'>\n            <li aria-roledescription='slide' aria-labelledby='slide-0'><img fetchpriority=\"high\" decoding=\"async\" src=\"http:\/\/www.agriturismooliveto.com\/wp-content\/uploads\/2023\/12\/Nuove-Foto\/Nipitella\/Blubenaco-105-900x600.jpg\" height=\"600\" width=\"900\" alt=\"Nipitella\" class=\"slider-3447 slide-3470 msDefaultImage\" title=\"Blubenaco-105\" \/><div class=\"caption-wrap\"><div class=\"caption\">Nipitella &#8211; Cucina abitabile<\/div><\/div><\/li>\n            <li style='display: none;' aria-roledescription='slide' aria-labelledby='slide-1'><img decoding=\"async\" src=\"http:\/\/www.agriturismooliveto.com\/wp-content\/uploads\/2023\/12\/Nuove-Foto\/Nipitella\/Blubenaco-107-900x600.jpg\" height=\"600\" width=\"900\" alt=\"Nipitella\" class=\"slider-3447 slide-3471 msDefaultImage\" title=\"Blubenaco-107\" \/><div class=\"caption-wrap\"><div class=\"caption\">Nipitella &#8211; Cucina abitabile<\/div><\/div><\/li>\n            <li style='display: none;' aria-roledescription='slide' aria-labelledby='slide-2'><img decoding=\"async\" src=\"http:\/\/www.agriturismooliveto.com\/wp-content\/uploads\/2023\/12\/Nuove-Foto\/Nipitella\/Blubenaco-112-852x568.jpg\" height=\"600\" width=\"900\" alt=\"Nipitella\" class=\"slider-3447 slide-3468 msDefaultImage\" title=\"Blubenaco-106\" \/><div class=\"caption-wrap\"><div class=\"caption\">Nipitella &#8211; Bagno<\/div><\/div><\/li>\n            <li style='display: none;' aria-roledescription='slide' aria-labelledby='slide-3'><img loading=\"lazy\" decoding=\"async\" src=\"http:\/\/www.agriturismooliveto.com\/wp-content\/uploads\/2023\/12\/Nuove-Foto\/Nipitella\/Blubenaco-111-841x560.jpg\" height=\"600\" width=\"900\" alt=\"Nipitella\" class=\"slider-3447 slide-3466 msDefaultImage\" title=\"Blubenaco-111\" \/><div class=\"caption-wrap\"><div class=\"caption\">Nipitella &#8211; Bagno<\/div><\/div><\/li>\n            <li style='display: none;' aria-roledescription='slide' aria-labelledby='slide-4'><img loading=\"lazy\" decoding=\"async\" src=\"http:\/\/www.agriturismooliveto.com\/wp-content\/uploads\/2023\/12\/Nuove-Foto\/Nipitella\/Blubenaco-109-900x600.jpg\" height=\"600\" width=\"900\" alt=\"Nipitella\" class=\"slider-3447 slide-3467 msDefaultImage\" title=\"Blubenaco-109\" \/><div class=\"caption-wrap\"><div class=\"caption\">Nipitella &#8211; Camera<\/div><\/div><\/li>\n            <li style='display: none;' aria-roledescription='slide' aria-labelledby='slide-5'><img loading=\"lazy\" decoding=\"async\" src=\"http:\/\/www.agriturismooliveto.com\/wp-content\/uploads\/2023\/12\/Nuove-Foto\/Nipitella\/Blubenaco-108-900x600.jpg\" height=\"600\" width=\"900\" alt=\"Nipitella\" class=\"slider-3447 slide-3469 msDefaultImage\" title=\"Blubenaco-108\" \/><div class=\"caption-wrap\"><div class=\"caption\">Nipitella &#8211; Camera<\/div><\/div><\/li>\n            <li style='display: none;' aria-roledescription='slide' aria-labelledby='slide-6'><img loading=\"lazy\" decoding=\"async\" src=\"http:\/\/www.agriturismooliveto.com\/wp-content\/uploads\/2023\/12\/Nuove-Foto\/Nipitella\/Blubenaco-110-900x600.jpg\" height=\"600\" width=\"900\" alt=\"Nipitella\" class=\"slider-3447 slide-3472 msDefaultImage\" title=\"Blubenaco-110\" \/><div class=\"caption-wrap\"><div class=\"caption\">Nipitella &#8211; Camera<\/div><\/div><\/li>\n        <\/ul>\n        \n    <\/div>\n<\/div><\/p>\n<p style=\"text-align: center;\"><strong>Preise 2025<\/strong><\/p>\n<table style=\"border-collapse: collapse; width: 76.2196%;\" border=\"1\" align=\"center\">\n<tbody>\n<tr>\n<td style=\"width: 39.8882%; text-align: center; color: white;\" bgcolor=\"#888888\"><em><strong>Zeitraum<\/strong><\/em><\/td>\n<td style=\"width: 17.7083%; text-align: center; color: white;\" bgcolor=\"#888888\"><em><strong>Preis pro Woche<\/strong><\/em><\/td>\n<td style=\"width: 18.6436%; text-align: center; color: white;\" bgcolor=\"#888888\"><em><strong>Preis pro Nacht<\/strong><\/em><\/td>\n<\/tr>\n<tr>\n<td style=\"width: 39.8882%;\">Oktober, November, Dezember, M\u00e4rz, April, Mai<\/td>\n<td style=\"width: 17.7083%; text-align: center;\"><strong>565<\/strong><\/td>\n<td style=\"width: 18.6436%; text-align: center;\"><strong>85<\/strong><\/td>\n<\/tr>\n<tr>\n<td style=\"width: 39.8882%;\">Juni, September<\/td>\n<td style=\"width: 17.7083%; text-align: center;\"><strong>600<\/strong><\/td>\n<td style=\"width: 18.6436%; text-align: center;\"><strong>90<\/strong><\/td>\n<\/tr>\n<tr>\n<td style=\"width: 39.8882%;\">Juli, August, Weihnachten, Ostern<\/td>\n<td style=\"width: 17.7083%; text-align: center;\"><strong>630<\/strong><\/td>\n<td style=\"width: 18.6436%; text-align: center;\"><strong>95<\/strong><\/td>\n<\/tr>\n<\/tbody>\n<\/table>\n<p style=\"text-align: center;\"><strong>Enthaltene Leistungen<\/strong><br \/>Strom, Wasser, Erdgas, Bett- und Badleinen, Benutzung von Kinderbetten und Hochst\u00fchlen, Internetverbindung.<\/p>\n<p style=\"text-align: center;\"><strong>NICHT Enthaltene Leistungen<\/strong><br \/>Endreinigung: 35 \u20ac&nbsp;<br \/>Feuerholz zum Grillen und alles, was nicht unter der \u00dcberschrift \u201eEinschlie\u00dfende Leistungen\u201c angezeigt ist.<br \/>Wechsel der Bettw\u00e4sche und Handt\u00fccher: 10 \u20ac.<\/p>\n<p style=\"text-align: center;\"><strong>Andere Leistungen und Kosten<\/strong><br \/>Half board: 35 \u20ac pro Tag und pro Person.<br \/>Nur Fr\u00fchst\u00fcck: 12 \u20ac Tag und pro Person.<br \/>Heating: 10 \u20ac pro Tag.<br \/>Kurtaxe: 1.5 \u20ac pro Tag und pro Person (ausgenommen unter 14 Jahre alt).<br \/>Nur kleine Hunde: \u20ac 5,00 pro Tag.<\/p>\n<p style=\"text-align: center;\"><strong>Weitere Informationen<\/strong><br \/>Weihnachten: 20\/12\/2025 \u2013 31\/01\/2025.<br \/>Ostern: 28\/03\/2026 \u2013 12\/04\/2026.<br \/>Anreisezeit: nach 15.00.<br \/>Abreisezeit: von 7.30 bis 10.00.<\/p>\n<p style=\"text-align: center;\"><strong>Zahlungen<\/strong><br \/>Bargeld, Bank\u00fcberweisung, Kreditkarte.<\/p>\n<p style=\"text-align: center;\"><strong>Stornierungsbedingungen<\/strong><br \/>Reservierungen, die mindestens <strong>zwei Monate<\/strong> vor dem geplanten Ankunftstermin storniert werden, beinhalten die R\u00fcckerstattung der Anzahlung.<br \/>Nach Ablauf dieser Frist wird eine Strafe in H\u00f6he des Gesamtbetrags des gezahlten Vorschusses verh\u00e4ngt.<br \/>Entscheidet sich der Kunde f\u00fcr eine vorzeitige Abreise, so ist der gesamte vereinbarte Betrag zu zahlen.<br \/>Bei der Ankunft ist eine Anzahlung von 100 \u20ac erforderlich, die bei der Abreise zur\u00fcckerstattet wird.<\/p>\n<p><\/p>\t\t\t\t\t\t\t\t<\/div>\n\t\t\t\t<\/div>\n\t\t\t\t\t<\/div>\n\t\t<\/div>\n\t\t\t\t\t<\/div>\n\t\t<\/section>\n\t\t\t\t<\/div>\n\t\t","protected":false},"excerpt":{"rendered":"<p>L&#8217;appartamento Nipitella&nbsp;(40 mq) dispone di una camera da letto matrimoniale, un bagno, una cucina abitabile completamente attrezzata, dotata di piano cottura a [&hellip;]<\/p>\n","protected":false},"author":1,"featured_media":0,"parent":32,"menu_order":0,"comment_status":"closed","ping_status":"open","template":"","meta":{"ngg_post_thumbnail":0,"footnotes":""},"class_list":["post-35","page","type-page","status-publish","hentry"],"yoast_head":"<!-- This site is optimized with the Yoast SEO plugin v27.2 - https:\/\/yoast.com\/product\/yoast-seo-wordpress\/ -->\n<title>Appartamento Nipitella - Agriturismo l&#039;Uliveto<\/title>\n<meta name=\"description\" content=\"L\u2019appartamento Nipitella dispone di una camera da letto matrimoniale, un bagno, una cucina abitabile completamente attrezzata.\" \/>\n<meta name=\"robots\" content=\"index, follow, max-snippet:-1, max-image-preview:large, max-video-preview:-1\" \/>\n<link rel=\"canonical\" href=\"http:\/\/www.agriturismooliveto.com\/appartamenti\/appartamento-nipitella\/\" \/>\n<meta property=\"og:locale\" content=\"it_IT\" \/>\n<meta property=\"og:type\" content=\"article\" \/>\n<meta property=\"og:title\" content=\"[:de]Wohnung Nipitella[:en]Apartment Nipitella[:it]Appartamento Nipitella[:] - Agriturismo l&#039;Uliveto\" \/>\n<meta property=\"og:description\" content=\"L\u2019appartamento Nipitella dispone di una camera da letto matrimoniale, un bagno, una cucina abitabile completamente attrezzata.\" \/>\n<meta property=\"og:url\" content=\"http:\/\/www.agriturismooliveto.com\/appartamenti\/appartamento-nipitella\/\" \/>\n<meta property=\"og:site_name\" content=\"Agriturismo l&#039;Uliveto\" \/>\n<meta property=\"article:publisher\" content=\"https:\/\/www.facebook.com\/agriturismooliveto\" \/>\n<meta property=\"article:modified_time\" content=\"2026-03-20T16:40:37+00:00\" \/>\n<meta name=\"twitter:label1\" content=\"Tempo di lettura stimato\" \/>\n\t<meta name=\"twitter:data1\" content=\"6 minuti\" \/>\n<script type=\"application\/ld+json\" class=\"yoast-schema-graph\">{\"@context\":\"https:\/\/schema.org\",\"@graph\":[{\"@type\":\"WebPage\",\"@id\":\"http:\/\/www.agriturismooliveto.com\/appartamenti\/appartamento-nipitella\/\",\"url\":\"http:\/\/www.agriturismooliveto.com\/appartamenti\/appartamento-nipitella\/\",\"name\":\"[:de]Wohnung Nipitella[:en]Apartment Nipitella[:it]Appartamento Nipitella[:] - Agriturismo l&#039;Uliveto\",\"isPartOf\":{\"@id\":\"http:\/\/www.agriturismooliveto.com\/it\/#website\"},\"datePublished\":\"2014-12-28T18:28:27+00:00\",\"dateModified\":\"2026-03-20T16:40:37+00:00\",\"description\":\"L\u2019appartamento Nipitella dispone di una camera da letto matrimoniale, un bagno, una cucina abitabile completamente attrezzata.\",\"breadcrumb\":{\"@id\":\"http:\/\/www.agriturismooliveto.com\/appartamenti\/appartamento-nipitella\/#breadcrumb\"},\"inLanguage\":\"it-IT\",\"potentialAction\":[{\"@type\":\"ReadAction\",\"target\":[\"http:\/\/www.agriturismooliveto.com\/appartamenti\/appartamento-nipitella\/\"]}]},{\"@type\":\"BreadcrumbList\",\"@id\":\"http:\/\/www.agriturismooliveto.com\/appartamenti\/appartamento-nipitella\/#breadcrumb\",\"itemListElement\":[{\"@type\":\"ListItem\",\"position\":1,\"name\":\"Home\",\"item\":\"http:\/\/www.agriturismooliveto.com\/it\/\"},{\"@type\":\"ListItem\",\"position\":2,\"name\":\"Appartamenti\",\"item\":\"http:\/\/www.agriturismooliveto.com\/it\/appartamenti\/\"},{\"@type\":\"ListItem\",\"position\":3,\"name\":\"[:de]Wohnung Nipitella[:en]Apartment Nipitella[:it]Appartamento Nipitella[:]\"}]},{\"@type\":\"WebSite\",\"@id\":\"http:\/\/www.agriturismooliveto.com\/it\/#website\",\"url\":\"http:\/\/www.agriturismooliveto.com\/it\/\",\"name\":\"Agriturismo l&#039;Uliveto\",\"description\":\"\",\"publisher\":{\"@id\":\"http:\/\/www.agriturismooliveto.com\/it\/#organization\"},\"potentialAction\":[{\"@type\":\"SearchAction\",\"target\":{\"@type\":\"EntryPoint\",\"urlTemplate\":\"http:\/\/www.agriturismooliveto.com\/it\/?s={search_term_string}\"},\"query-input\":{\"@type\":\"PropertyValueSpecification\",\"valueRequired\":true,\"valueName\":\"search_term_string\"}}],\"inLanguage\":\"it-IT\"},{\"@type\":\"Organization\",\"@id\":\"http:\/\/www.agriturismooliveto.com\/it\/#organization\",\"name\":\"Agriturismo l'Uliveto\",\"url\":\"http:\/\/www.agriturismooliveto.com\/it\/\",\"logo\":{\"@type\":\"ImageObject\",\"inLanguage\":\"it-IT\",\"@id\":\"http:\/\/www.agriturismooliveto.com\/it\/#\/schema\/logo\/image\/\",\"url\":\"http:\/\/www.agriturismooliveto.com\/wp-content\/uploads\/2016\/10\/Targa.jpg\",\"contentUrl\":\"http:\/\/www.agriturismooliveto.com\/wp-content\/uploads\/2016\/10\/Targa.jpg\",\"width\":3055,\"height\":4657,\"caption\":\"Agriturismo l'Uliveto\"},\"image\":{\"@id\":\"http:\/\/www.agriturismooliveto.com\/it\/#\/schema\/logo\/image\/\"},\"sameAs\":[\"https:\/\/www.facebook.com\/agriturismooliveto\"]}]}<\/script>\n<!-- \/ Yoast SEO plugin. -->","yoast_head_json":{"title":"[:de]Wohnung Nipitella[:en]Apartment Nipitella[:it]Appartamento Nipitella[:] - Agriturismo l&#039;Uliveto","description":"L\u2019appartamento Nipitella dispone di una camera da letto matrimoniale, un bagno, una cucina abitabile completamente attrezzata.","robots":{"index":"index","follow":"follow","max-snippet":"max-snippet:-1","max-image-preview":"max-image-preview:large","max-video-preview":"max-video-preview:-1"},"canonical":"http:\/\/www.agriturismooliveto.com\/appartamenti\/appartamento-nipitella\/","og_locale":"it_IT","og_type":"article","og_title":"[:de]Wohnung Nipitella[:en]Apartment Nipitella[:it]Appartamento Nipitella[:] - Agriturismo l&#039;Uliveto","og_description":"L\u2019appartamento Nipitella dispone di una camera da letto matrimoniale, un bagno, una cucina abitabile completamente attrezzata.","og_url":"http:\/\/www.agriturismooliveto.com\/appartamenti\/appartamento-nipitella\/","og_site_name":"Agriturismo l&#039;Uliveto","article_publisher":"https:\/\/www.facebook.com\/agriturismooliveto","article_modified_time":"2026-03-20T16:40:37+00:00","twitter_misc":{"Tempo di lettura stimato":"6 minuti"},"schema":{"@context":"https:\/\/schema.org","@graph":[{"@type":"WebPage","@id":"http:\/\/www.agriturismooliveto.com\/appartamenti\/appartamento-nipitella\/","url":"http:\/\/www.agriturismooliveto.com\/appartamenti\/appartamento-nipitella\/","name":"[:de]Wohnung Nipitella[:en]Apartment Nipitella[:it]Appartamento Nipitella[:] - Agriturismo l&#039;Uliveto","isPartOf":{"@id":"http:\/\/www.agriturismooliveto.com\/it\/#website"},"datePublished":"2014-12-28T18:28:27+00:00","dateModified":"2026-03-20T16:40:37+00:00","description":"L\u2019appartamento Nipitella dispone di una camera da letto matrimoniale, un bagno, una cucina abitabile completamente attrezzata.","breadcrumb":{"@id":"http:\/\/www.agriturismooliveto.com\/appartamenti\/appartamento-nipitella\/#breadcrumb"},"inLanguage":"it-IT","potentialAction":[{"@type":"ReadAction","target":["http:\/\/www.agriturismooliveto.com\/appartamenti\/appartamento-nipitella\/"]}]},{"@type":"BreadcrumbList","@id":"http:\/\/www.agriturismooliveto.com\/appartamenti\/appartamento-nipitella\/#breadcrumb","itemListElement":[{"@type":"ListItem","position":1,"name":"Home","item":"http:\/\/www.agriturismooliveto.com\/it\/"},{"@type":"ListItem","position":2,"name":"Appartamenti","item":"http:\/\/www.agriturismooliveto.com\/it\/appartamenti\/"},{"@type":"ListItem","position":3,"name":"[:de]Wohnung Nipitella[:en]Apartment Nipitella[:it]Appartamento Nipitella[:]"}]},{"@type":"WebSite","@id":"http:\/\/www.agriturismooliveto.com\/it\/#website","url":"http:\/\/www.agriturismooliveto.com\/it\/","name":"Agriturismo l&#039;Uliveto","description":"","publisher":{"@id":"http:\/\/www.agriturismooliveto.com\/it\/#organization"},"potentialAction":[{"@type":"SearchAction","target":{"@type":"EntryPoint","urlTemplate":"http:\/\/www.agriturismooliveto.com\/it\/?s={search_term_string}"},"query-input":{"@type":"PropertyValueSpecification","valueRequired":true,"valueName":"search_term_string"}}],"inLanguage":"it-IT"},{"@type":"Organization","@id":"http:\/\/www.agriturismooliveto.com\/it\/#organization","name":"Agriturismo l'Uliveto","url":"http:\/\/www.agriturismooliveto.com\/it\/","logo":{"@type":"ImageObject","inLanguage":"it-IT","@id":"http:\/\/www.agriturismooliveto.com\/it\/#\/schema\/logo\/image\/","url":"http:\/\/www.agriturismooliveto.com\/wp-content\/uploads\/2016\/10\/Targa.jpg","contentUrl":"http:\/\/www.agriturismooliveto.com\/wp-content\/uploads\/2016\/10\/Targa.jpg","width":3055,"height":4657,"caption":"Agriturismo l'Uliveto"},"image":{"@id":"http:\/\/www.agriturismooliveto.com\/it\/#\/schema\/logo\/image\/"},"sameAs":["https:\/\/www.facebook.com\/agriturismooliveto"]}]}},"_links":{"self":[{"href":"http:\/\/www.agriturismooliveto.com\/it\/wp-json\/wp\/v2\/pages\/35","targetHints":{"allow":["GET"]}}],"collection":[{"href":"http:\/\/www.agriturismooliveto.com\/it\/wp-json\/wp\/v2\/pages"}],"about":[{"href":"http:\/\/www.agriturismooliveto.com\/it\/wp-json\/wp\/v2\/types\/page"}],"author":[{"embeddable":true,"href":"http:\/\/www.agriturismooliveto.com\/it\/wp-json\/wp\/v2\/users\/1"}],"replies":[{"embeddable":true,"href":"http:\/\/www.agriturismooliveto.com\/it\/wp-json\/wp\/v2\/comments?post=35"}],"version-history":[{"count":0,"href":"http:\/\/www.agriturismooliveto.com\/it\/wp-json\/wp\/v2\/pages\/35\/revisions"}],"up":[{"embeddable":true,"href":"http:\/\/www.agriturismooliveto.com\/it\/wp-json\/wp\/v2\/pages\/32"}],"wp:attachment":[{"href":"http:\/\/www.agriturismooliveto.com\/it\/wp-json\/wp\/v2\/media?parent=35"}],"curies":[{"name":"wp","href":"https:\/\/api.w.org\/{rel}","templated":true}]}}