{"id":382,"date":"2015-03-05T15:41:00","date_gmt":"2015-03-05T14:41:00","guid":{"rendered":"http:\/\/www.mauriziostaffetta.altervista.org\/?page_id=382"},"modified":"2015-06-25T09:14:21","modified_gmt":"2015-06-25T07:14:21","slug":"privacy","status":"publish","type":"page","link":"http:\/\/www.agriturismooliveto.com\/it\/privacy\/","title":{"rendered":"Privacy e cookie"},"content":{"rendered":"<p><\/p>\n<p style=\"text-align: center;\"><strong>Informativa resa ai sensi del D.lgs. del 30.06.2003 \u201cCodice della Privacy<\/strong><\/p>\n<p style=\"text-align: justify;\">Ai sensi dell\u2019art. 13, Dlgs 30 giugno 2003 n. 196 INFORMIAMO che <strong>Agriturismo l&#8217;Uliveto<\/strong> tratta i dati personali di clienti e di fornitori e di soggetti che comunicano volontariamente (telefonicamente o via fax o via e-Mail o tramite registrazione sul nostro sito web) i loro dati anagrafici alla nostra azienda, e di soggetti i cui dati sono stati raccolti presso terzi in occasione, ad esempio, di operazione di acquisizione di dati esterni per informazioni commerciali, elenchi pubblici ecc., nell&#8217;ultimo caso trattasi esclusivamente di dati personali di natura comune.<\/p>\n<p style=\"text-align: justify;\">Il nostro agriturismo garantisce nell&#8217;ambito delle previsioni normative che il trattamento dei dati personali si svolge nel rispetto dei diritti e delle libert\u00e0 fondamentali, nonch\u00e9 della dignit\u00e0 dell\u2019interessato, con particolare riferimento alla riservatezza, all&#8217;identit\u00e0 personale e al diritto alla protezione dei dati personali.<\/p>\n<p><strong>Finalit\u00e0 del trattamento:<\/strong><\/p>\n<ul>\n<li style=\"text-align: justify;\">adempiere agli obblighi di legge, dai regolamenti, dalla normativa comunitaria, da norme civilistiche e fiscali<\/li>\n<li style=\"text-align: justify;\">adempiere agli eventuali obblighi contrattuali nei confronti del interessato<\/li>\n<li style=\"text-align: justify;\">adempiere ad attivit\u00e0 connesse all&#8217;attivit\u00e0 economica della nostra societ\u00e0, come compilazione delle anagrafiche e statistiche interne, per la fatturazione, la tenuta della contabilit\u00e0 clienti-fornitori<\/li>\n<li style=\"text-align: justify;\">finalit\u00e0 di tipo commerciale, come invio di informazioni commerciali e materiale pubblicitario (via posta, fax ed e-mail), di marketing e ricerche di mercato<\/li>\n<li style=\"text-align: justify;\">la tutela dei crediti e la gestione dei debiti<\/li>\n<li style=\"text-align: justify;\">finalit\u00e0 assicurative, in particolare per assicurazioni crediti<\/li>\n<\/ul>\n<p><strong>Ambito di comunicazione e diffusione:<\/strong><br \/>\nIn relazione alle finalit\u00e0 di cui sopra i Suoi dati personali verranno comunicati se necessario:<\/p>\n<ul>\n<li>Alle Pubbliche Amministrazioni ed Autorit\u00e0, ove previsto dalla legge<\/li>\n<li>ad Istituti di credito con i quali la ns. ditta ha rapporti per la gestione dei crediti\/debiti e l\u2019intermediazione finanziaria<\/li>\n<li>a tutte quelle persone fisiche e\/o giuridiche, pubbliche e\/o private (studi di consulenza legale, amministrativa e fiscale, uffici giudiziari, Camere di Commercio ecc.), quando la comunicazione risulti necessaria o funzionale allo svolgimento della nostra attivit\u00e0<\/li>\n<li>a fornitori\/produttori al fine di registrare i prodotti.<\/li>\n<\/ul>\n<p><em><strong>I dati personali trattati dalla nostra azienda\u00a0non sono soggetti a diffusione<\/strong><\/em>.<\/p>\n<p style=\"text-align: justify;\"><strong>Modalit\u00e0 di trattamento:<\/strong><br \/>\nIl trattamento potr\u00e0 effettuarsi con o senza l\u2019ausilio di mezzi elettronici e comunque automatizzati e comprender\u00e0 tutte le operazioni previste all&#8217;art. 4 comma 1, lettera a, Dlgs. 30 giugno 2003 n. 196 e necessarie al trattamento in questione. Comunque il trattamento sar\u00e0 effettuato nell&#8217;osservanza di ogni misura cautelativa, che ne garantisca la sicurezza e la riservatezza.<\/p>\n<p style=\"text-align: justify;\"><strong>Normativa sui cookie:<\/strong><br \/>\nIl 3 giugno 2015 \u00e8 entrata in vigore in Italia la normativa europea in materia di cookie, approvata dal provvedimento del Garante della Privacy italiano e pubblicata il 3 giugno 2014 in Gazzetta ufficiale (Provvedimento del 8 maggio 2014 n.229).<\/p>\n<p style=\"text-align: justify;\">I cookie sono piccoli file di testo codificati che vengono memorizzati dal browser dell\u2019utente quando visita un sito web. Quando una pagina viene visualizzata di nuovo sullo stesso dispositivo, il cookie viene inviato al sito web o trasmesso ad un altro sito a cui appartiene. Il sito web riconosce quindi che la pagina \u00e8 stata gi\u00e0 visualizzata con questo browser e in tal modo pu\u00f2 migliorare l\u2019esperienza di navigazione dell\u2019utente quando la pagina verr\u00e0 visualizzata di nuovo. I cookie memorizzano ad esempio le preferenze dell\u2019utente e adattano le offerte visualizzate alle esigenze e agli interessi di quello specifico utente. In base al loro funzionamento e alla loro finalit\u00e0 di utilizzo, i cookie si dividono in varie categorie:<br \/>\n\u2022\u00a0\u00a0 \u00a0Cookie tecnici<br \/>\n\u2022\u00a0\u00a0 \u00a0Cookie di profilazione<br \/>\n\u2022\u00a0\u00a0 \u00a0Cookie di terze parti<\/p>\n<p style=\"text-align: justify;\">Cookie tecnici: Questi cookie vengono memorizzati nel dispositivo dell\u2019utente solo durante l\u2019effettiva sessione e servono per poter utilizzare correttamente il sito web. I cookie analitici, utilizzati per l\u2019elaborazione delle statistiche di accesso, rientrano nella categoria dei cookie tecnici. Essi raccolgono informazioni generali senza identificare l\u2019utente.<\/p>\n<p style=\"text-align: justify;\">Cookie di profilazione: Questi cookie vengono utilizzati per identificare il comportamento di navigazione dell\u2019utente, comprese le sue preferenze, abitudini, ecc. In questo modo \u00e8 possibile inviare all\u2019utente messaggi pubblicitari collegati a prodotti visualizzati in precedenza o simili a questi.<\/p>\n<p style=\"text-align: justify;\">Cookie di terze parti: Sono cookie di altri siti web. Qui di seguito vengono indicati i link e informazioni pi\u00f9 dettagliate che riguardano i cookie di terze parti.<br \/>\nUlteriori informazioni sui cookie (http:\/\/it.wikipedia.org\/wiki\/Cookie).<\/p>\n<p style=\"text-align: justify;\">Quali cookie vengono usati su questo sito?<br \/>\nCookie tecnici: Su questo sito vengono utilizzati cookies di sessione per memorizzare i movimenti del utente sul sito.<br \/>\nCookie di profilazione: Su questo sito non vengono utilizzati cookie di profilazione.<br \/>\nCookie di terze parti: Sul nostro sito vengono utilizzati i sottostanti cookie di terze parti.<\/p>\n<p style=\"text-align: justify;\">Se desidera di avere ulteriori informazioni pu\u00f2 cliccare sui relativi link.<br \/>\nGoogle (http:\/\/www.google.com\/intl\/it\/policies\/technologies\/cookies\/)<\/p>\n<p style=\"text-align: justify;\">Come disabilitare i cookie<br \/>\nLe norme sulla protezione dei dati personali prevedono che l\u2019utente possa disabilitare cookie gi\u00e0 installati. Nei link sottostanti ci sono le spiegazione su come \u00e8 possibile disattivare l\u2019utilizzo dei cookie nei diversi browser.<br \/>\n\u2022\u00a0\u00a0 \u00a0Google Chrome (https:\/\/support.google.com\/accounts\/answer\/61416?hl=it)<br \/>\n\u2022\u00a0\u00a0 \u00a0Firefox (https:\/\/support.mozilla.org\/it\/kb\/Attivare%20e%20disattivare%20i%20cookie)<br \/>\n\u2022\u00a0\u00a0 \u00a0Internet Explorer (http:\/\/windows.microsoft.com\/it-it\/windows-vista\/block-or-allow-cookies)<br \/>\n\u2022\u00a0\u00a0 \u00a0Safari (https:\/\/support.apple.com\/it-it\/HT201265)<\/p>\n<p>In caso di utilizzo di un browser diverso dai sopra elencati \u00e8 possibile disattivare l\u2019utilizzo dei cookie seguendo le istruzioni nel menu d\u2019aiuto del proprio browser (inserendo la parola \u201ecookie\u201c nella ricerca del menu). L\u2019utente potr\u00e0 quindi disabilitare e\/o cancellare i cookie mediante le relative impostazioni del proprio browser e disabilitare e\/o cancellare i singoli cookie non \u201ctecnici\u201d installati da parte terzi accedendo al sito web gestito da European Interactive Digital Advertising Alliance (EDAA) all\u2019indirizzo: www.youronlinechoices.eu (http:\/\/www.youronlinechoices.com\/)<\/p>\n<p style=\"text-align: justify;\"><strong>Diritti dell\u2019interessato:<\/strong><br \/>\nIl Codice della Privacy conferisce agli interessati l\u2019esercizio di specifici diritti di cui all&#8217;art. 7. In particolare pu\u00f2 ottenere dal titolare la conferma dell\u2019esistenza o meno di propri dati personali che lo riguardano e la loro comunicazione in forma intelligibile. L\u2019interessato pu\u00f2 altres\u00ec chiedere di conoscere l\u2019origine dei dati, le finalit\u00e0 e modalit\u00e0 del trattamento nonch\u00e9 la logica applicata in caso trattamento effettuato con l\u2019ausilio di strumenti elettronici, l\u2019identificazione degli estremi identificativi del titolare, dei responsabili nominati e dei soggetti e categorie di soggetti ai quali i dati possono essere comunicati o che possono venire a conoscenza.<br \/>\nL\u2019interessato ha il diritto di ottenere l\u2019aggiornamento, la rettificazione e l\u2019integrazione, ovvero la cancellazione, la trasformazione in via anonima o il blocco dei dati trattati in violazione di legge. L\u2019interessato ha diritto di opporsi, in tutto o in parte, per motivi legittimi, al trattamento dei dati personali che lo riguardano, e senza motivo al trattamento dei dati che lo riguardano a fini di invio di materiale pubblicitario o di vendita diretta o per il compimento di ricerche di mercato o di comunicazione commerciale.<br \/>\nI diritti in oggetto possono essere esercitati, anche per il tramite di un incaricato, mediante richiesta rivolta al responsabile del trattamento nominato \u2013\u00a0Marco Bertoli, Agriturismo l&#8217;Uliveto\u00a0Via Fornico, 3,\u00a0I &#8211; 25084 Gargnano (BS) \u2013 con lettera raccomandata o e-Mail all&#8217;indirizzo <strong>marcosara@agriturismooliveto.com<\/strong>.<\/p>\n<p><strong>Titolare del trattamento:\u00a0<\/strong><br \/>\nMarco Bertoli<br \/>\nVia Fornico, 3<br \/>\nI &#8211; 25084 Gargnano (BS)<br \/>\nTel: +39 0365 72311<br \/>\nMobile: +39 347 7009281<\/p>","protected":false},"excerpt":{"rendered":"<p>Informativa resa ai sensi del D.lgs. del 30.06.2003 \u201cCodice della Privacy Ai sensi dell\u2019art. 13, Dlgs 30 giugno 2003 n. 196 INFORMIAMO [&hellip;]<\/p>\n","protected":false},"author":1,"featured_media":0,"parent":0,"menu_order":0,"comment_status":"closed","ping_status":"open","template":"","meta":{"ngg_post_thumbnail":0,"footnotes":""},"class_list":["post-382","page","type-page","status-publish","hentry"],"yoast_head":"<!-- This site is optimized with the Yoast SEO plugin v27.2 - https:\/\/yoast.com\/product\/yoast-seo-wordpress\/ -->\n<title>Privacy e cookie - Agriturismo l&#039;Uliveto<\/title>\n<meta name=\"robots\" content=\"index, follow, max-snippet:-1, max-image-preview:large, max-video-preview:-1\" \/>\n<link rel=\"canonical\" href=\"http:\/\/www.agriturismooliveto.com\/it\/privacy\/\" \/>\n<meta property=\"og:locale\" content=\"it_IT\" \/>\n<meta property=\"og:type\" content=\"article\" \/>\n<meta property=\"og:title\" content=\"[:de]Privacy und Cookie[:en]Privacy and Cookie[:it]Privacy e cookie[:] - Agriturismo l&#039;Uliveto\" \/>\n<meta property=\"og:description\" content=\"Informativa resa ai sensi del D.lgs. del 30.06.2003 \u201cCodice della Privacy Ai sensi dell\u2019art. 13, Dlgs 30 giugno 2003 n. 196 INFORMIAMO [&hellip;]\" \/>\n<meta property=\"og:url\" content=\"http:\/\/www.agriturismooliveto.com\/it\/privacy\/\" \/>\n<meta property=\"og:site_name\" content=\"Agriturismo l&#039;Uliveto\" \/>\n<meta property=\"article:publisher\" content=\"https:\/\/www.facebook.com\/agriturismooliveto\" \/>\n<meta property=\"article:modified_time\" content=\"2015-06-25T07:14:21+00:00\" \/>\n<meta name=\"twitter:label1\" content=\"Tempo di lettura stimato\" \/>\n\t<meta name=\"twitter:data1\" content=\"17 minuti\" \/>\n<script type=\"application\/ld+json\" class=\"yoast-schema-graph\">{\"@context\":\"https:\/\/schema.org\",\"@graph\":[{\"@type\":\"WebPage\",\"@id\":\"http:\/\/www.agriturismooliveto.com\/it\/privacy\/\",\"url\":\"http:\/\/www.agriturismooliveto.com\/it\/privacy\/\",\"name\":\"[:de]Privacy und Cookie[:en]Privacy and Cookie[:it]Privacy e cookie[:] - Agriturismo l&#039;Uliveto\",\"isPartOf\":{\"@id\":\"http:\/\/www.agriturismooliveto.com\/it\/#website\"},\"datePublished\":\"2015-03-05T14:41:00+00:00\",\"dateModified\":\"2015-06-25T07:14:21+00:00\",\"breadcrumb\":{\"@id\":\"http:\/\/www.agriturismooliveto.com\/it\/privacy\/#breadcrumb\"},\"inLanguage\":\"it-IT\",\"potentialAction\":[{\"@type\":\"ReadAction\",\"target\":[\"http:\/\/www.agriturismooliveto.com\/it\/privacy\/\"]}]},{\"@type\":\"BreadcrumbList\",\"@id\":\"http:\/\/www.agriturismooliveto.com\/it\/privacy\/#breadcrumb\",\"itemListElement\":[{\"@type\":\"ListItem\",\"position\":1,\"name\":\"Home\",\"item\":\"http:\/\/www.agriturismooliveto.com\/it\/\"},{\"@type\":\"ListItem\",\"position\":2,\"name\":\"Privacy e cookie\"}]},{\"@type\":\"WebSite\",\"@id\":\"http:\/\/www.agriturismooliveto.com\/it\/#website\",\"url\":\"http:\/\/www.agriturismooliveto.com\/it\/\",\"name\":\"Agriturismo l&#039;Uliveto\",\"description\":\"\",\"publisher\":{\"@id\":\"http:\/\/www.agriturismooliveto.com\/it\/#organization\"},\"potentialAction\":[{\"@type\":\"SearchAction\",\"target\":{\"@type\":\"EntryPoint\",\"urlTemplate\":\"http:\/\/www.agriturismooliveto.com\/it\/?s={search_term_string}\"},\"query-input\":{\"@type\":\"PropertyValueSpecification\",\"valueRequired\":true,\"valueName\":\"search_term_string\"}}],\"inLanguage\":\"it-IT\"},{\"@type\":\"Organization\",\"@id\":\"http:\/\/www.agriturismooliveto.com\/it\/#organization\",\"name\":\"Agriturismo l'Uliveto\",\"url\":\"http:\/\/www.agriturismooliveto.com\/it\/\",\"logo\":{\"@type\":\"ImageObject\",\"inLanguage\":\"it-IT\",\"@id\":\"http:\/\/www.agriturismooliveto.com\/it\/#\/schema\/logo\/image\/\",\"url\":\"http:\/\/www.agriturismooliveto.com\/wp-content\/uploads\/2016\/10\/Targa.jpg\",\"contentUrl\":\"http:\/\/www.agriturismooliveto.com\/wp-content\/uploads\/2016\/10\/Targa.jpg\",\"width\":3055,\"height\":4657,\"caption\":\"Agriturismo l'Uliveto\"},\"image\":{\"@id\":\"http:\/\/www.agriturismooliveto.com\/it\/#\/schema\/logo\/image\/\"},\"sameAs\":[\"https:\/\/www.facebook.com\/agriturismooliveto\"]}]}<\/script>\n<!-- \/ Yoast SEO plugin. -->","yoast_head_json":{"title":"[:de]Privacy und Cookie[:en]Privacy and Cookie[:it]Privacy e cookie[:] - Agriturismo l&#039;Uliveto","robots":{"index":"index","follow":"follow","max-snippet":"max-snippet:-1","max-image-preview":"max-image-preview:large","max-video-preview":"max-video-preview:-1"},"canonical":"http:\/\/www.agriturismooliveto.com\/it\/privacy\/","og_locale":"it_IT","og_type":"article","og_title":"[:de]Privacy und Cookie[:en]Privacy and Cookie[:it]Privacy e cookie[:] - Agriturismo l&#039;Uliveto","og_description":"Informativa resa ai sensi del D.lgs. del 30.06.2003 \u201cCodice della Privacy Ai sensi dell\u2019art. 13, Dlgs 30 giugno 2003 n. 196 INFORMIAMO [&hellip;]","og_url":"http:\/\/www.agriturismooliveto.com\/it\/privacy\/","og_site_name":"Agriturismo l&#039;Uliveto","article_publisher":"https:\/\/www.facebook.com\/agriturismooliveto","article_modified_time":"2015-06-25T07:14:21+00:00","twitter_misc":{"Tempo di lettura stimato":"17 minuti"},"schema":{"@context":"https:\/\/schema.org","@graph":[{"@type":"WebPage","@id":"http:\/\/www.agriturismooliveto.com\/it\/privacy\/","url":"http:\/\/www.agriturismooliveto.com\/it\/privacy\/","name":"[:de]Privacy und Cookie[:en]Privacy and Cookie[:it]Privacy e cookie[:] - Agriturismo l&#039;Uliveto","isPartOf":{"@id":"http:\/\/www.agriturismooliveto.com\/it\/#website"},"datePublished":"2015-03-05T14:41:00+00:00","dateModified":"2015-06-25T07:14:21+00:00","breadcrumb":{"@id":"http:\/\/www.agriturismooliveto.com\/it\/privacy\/#breadcrumb"},"inLanguage":"it-IT","potentialAction":[{"@type":"ReadAction","target":["http:\/\/www.agriturismooliveto.com\/it\/privacy\/"]}]},{"@type":"BreadcrumbList","@id":"http:\/\/www.agriturismooliveto.com\/it\/privacy\/#breadcrumb","itemListElement":[{"@type":"ListItem","position":1,"name":"Home","item":"http:\/\/www.agriturismooliveto.com\/it\/"},{"@type":"ListItem","position":2,"name":"Privacy e cookie"}]},{"@type":"WebSite","@id":"http:\/\/www.agriturismooliveto.com\/it\/#website","url":"http:\/\/www.agriturismooliveto.com\/it\/","name":"Agriturismo l&#039;Uliveto","description":"","publisher":{"@id":"http:\/\/www.agriturismooliveto.com\/it\/#organization"},"potentialAction":[{"@type":"SearchAction","target":{"@type":"EntryPoint","urlTemplate":"http:\/\/www.agriturismooliveto.com\/it\/?s={search_term_string}"},"query-input":{"@type":"PropertyValueSpecification","valueRequired":true,"valueName":"search_term_string"}}],"inLanguage":"it-IT"},{"@type":"Organization","@id":"http:\/\/www.agriturismooliveto.com\/it\/#organization","name":"Agriturismo l'Uliveto","url":"http:\/\/www.agriturismooliveto.com\/it\/","logo":{"@type":"ImageObject","inLanguage":"it-IT","@id":"http:\/\/www.agriturismooliveto.com\/it\/#\/schema\/logo\/image\/","url":"http:\/\/www.agriturismooliveto.com\/wp-content\/uploads\/2016\/10\/Targa.jpg","contentUrl":"http:\/\/www.agriturismooliveto.com\/wp-content\/uploads\/2016\/10\/Targa.jpg","width":3055,"height":4657,"caption":"Agriturismo l'Uliveto"},"image":{"@id":"http:\/\/www.agriturismooliveto.com\/it\/#\/schema\/logo\/image\/"},"sameAs":["https:\/\/www.facebook.com\/agriturismooliveto"]}]}},"_links":{"self":[{"href":"http:\/\/www.agriturismooliveto.com\/it\/wp-json\/wp\/v2\/pages\/382","targetHints":{"allow":["GET"]}}],"collection":[{"href":"http:\/\/www.agriturismooliveto.com\/it\/wp-json\/wp\/v2\/pages"}],"about":[{"href":"http:\/\/www.agriturismooliveto.com\/it\/wp-json\/wp\/v2\/types\/page"}],"author":[{"embeddable":true,"href":"http:\/\/www.agriturismooliveto.com\/it\/wp-json\/wp\/v2\/users\/1"}],"replies":[{"embeddable":true,"href":"http:\/\/www.agriturismooliveto.com\/it\/wp-json\/wp\/v2\/comments?post=382"}],"version-history":[{"count":0,"href":"http:\/\/www.agriturismooliveto.com\/it\/wp-json\/wp\/v2\/pages\/382\/revisions"}],"wp:attachment":[{"href":"http:\/\/www.agriturismooliveto.com\/it\/wp-json\/wp\/v2\/media?parent=382"}],"curies":[{"name":"wp","href":"https:\/\/api.w.org\/{rel}","templated":true}]}}